{"id":439,"date":"2025-11-16T18:01:07","date_gmt":"2025-11-16T15:01:07","guid":{"rendered":"https:\/\/www.dgl-tr.com\/?page_id=439"},"modified":"2025-11-16T18:44:53","modified_gmt":"2025-11-16T15:44:53","slug":"teklif-al","status":"publish","type":"page","link":"https:\/\/www.dgl-tr.com\/index.php\/teklif-al\/","title":{"rendered":"Teklif Al"},"content":{"rendered":"\n<div class=\"wp-block-columns is-layout-flex wp-container-core-columns-is-layout-28f84493 wp-block-columns-is-layout-flex\">\n<div class=\"wp-block-column is-layout-flow wp-block-column-is-layout-flow\" style=\"padding-right:var(--wp--preset--spacing--70);padding-left:var(--wp--preset--spacing--30)\">\n<div class=\"wpcf7 no-js\" id=\"wpcf7-f438-o1\" lang=\"en-US\" dir=\"ltr\" data-wpcf7-id=\"438\">\n<div class=\"screen-reader-response\"><p role=\"status\" aria-live=\"polite\" aria-atomic=\"true\"><\/p> <ul><\/ul><\/div>\n<form action=\"\/index.php\/wp-json\/wp\/v2\/pages\/439#wpcf7-f438-o1\" method=\"post\" class=\"wpcf7-form init\" aria-label=\"Contact form\" novalidate=\"novalidate\" data-status=\"init\">\n<fieldset class=\"hidden-fields-container\"><input type=\"hidden\" name=\"_wpcf7\" value=\"438\" \/><input type=\"hidden\" name=\"_wpcf7_version\" value=\"6.1.3\" \/><input type=\"hidden\" name=\"_wpcf7_locale\" value=\"en_US\" \/><input type=\"hidden\" name=\"_wpcf7_unit_tag\" value=\"wpcf7-f438-o1\" \/><input type=\"hidden\" name=\"_wpcf7_container_post\" value=\"0\" \/><input type=\"hidden\" name=\"_wpcf7_posted_data_hash\" value=\"\" \/>\n<\/fieldset>\n<div class=\"grid\">\n\t<h2>1. Ta\u015f\u0131ma ve Rota Bilgileri\n\t<\/h2>\n\t<p><label>Ta\u015f\u0131ma T\u00fcr\u00fc <span class=\"req\">*<\/span><\/label><br \/>\n<span class=\"wpcf7-form-control-wrap\" data-name=\"tasima-turu\"><select class=\"wpcf7-form-control wpcf7-select wpcf7-validates-as-required\" aria-required=\"true\" aria-invalid=\"false\" name=\"tasima-turu\"><option value=\"\">&#8212;Please choose an option&#8212;<\/option><option value=\"Denizyolu (FCL \/ LCL)\">Denizyolu (FCL \/ LCL)<\/option><option value=\"Karayolu (Komple \/ Parsiyel)\">Karayolu (Komple \/ Parsiyel)<\/option><option value=\"Havayolu\">Havayolu<\/option><option value=\"Proje \/ A\u011f\u0131r Y\u00fck\">Proje \/ A\u011f\u0131r Y\u00fck<\/option><option value=\"D\u00f6kme \/ Bulk\">D\u00f6kme \/ Bulk<\/option><\/select><\/span>\n\t<\/p>\n\t<p><label>Origin (\u00c7\u0131k\u0131\u015f) <span class=\"req\">*<\/span><\/label><br \/>\n<span class=\"wpcf7-form-control-wrap\" data-name=\"origin\"><input size=\"40\" maxlength=\"400\" class=\"wpcf7-form-control wpcf7-text wpcf7-validates-as-required\" aria-required=\"true\" aria-invalid=\"false\" placeholder=\"\u00d6rn: Istanbul \/ Ambarl\u0131\" value=\"\" type=\"text\" name=\"origin\" \/><\/span>\n\t<\/p>\n\t<p><label>Destination (Var\u0131\u015f) <span class=\"req\">*<\/span><\/label><br \/>\n<span class=\"wpcf7-form-control-wrap\" data-name=\"destination\"><input size=\"40\" maxlength=\"400\" class=\"wpcf7-form-control wpcf7-text wpcf7-validates-as-required\" aria-required=\"true\" aria-invalid=\"false\" placeholder=\"\u00d6rn: Nhava Sheva\" value=\"\" type=\"text\" name=\"destination\" \/><\/span>\n\t<\/p>\n\t<p><label>Tahmini Y\u00fckleme Tarihi<\/label><br \/>\n<span class=\"wpcf7-form-control-wrap\" data-name=\"yukleme-tarihi\"><input class=\"wpcf7-form-control wpcf7-date wpcf7-validates-as-date\" aria-invalid=\"false\" value=\"\" type=\"date\" name=\"yukleme-tarihi\" \/><\/span>\n\t<\/p>\n\t<p><label>Incoterm<\/label><br \/>\n<span class=\"wpcf7-form-control-wrap\" data-name=\"incoterm\"><select class=\"wpcf7-form-control wpcf7-select\" aria-invalid=\"false\" name=\"incoterm\"><option value=\"\">&#8212;Please choose an option&#8212;<\/option><option value=\"EXW\">EXW<\/option><option value=\"FCA\">FCA<\/option><option value=\"FOB\">FOB<\/option><option value=\"CFR\">CFR<\/option><option value=\"CIF\">CIF<\/option><option value=\"CPT\">CPT<\/option><option value=\"CIP\">CIP<\/option><option value=\"DAP\">DAP<\/option><option value=\"DPU\">DPU<\/option><option value=\"DDP\">DDP<\/option><\/select><\/span>\n\t<\/p>\n\t<p><label>Hat \/ Servis Tercihi (Varsa)<\/label><br \/>\n<span class=\"wpcf7-form-control-wrap\" data-name=\"hat-tercih\"><input size=\"40\" maxlength=\"400\" class=\"wpcf7-form-control wpcf7-text\" aria-invalid=\"false\" placeholder=\"\u00d6rn: MAERSK\" value=\"\" type=\"text\" name=\"hat-tercih\" \/><\/span>\n\t<\/p>\n<\/div>\n<hr \/>\n<div class=\"grid\">\n\t<h2>2. Y\u00fck Bilgileri\n\t<\/h2>\n\t<p><label>\u00dcr\u00fcn \/ Y\u00fck Ad\u0131<\/label><br \/>\n<span class=\"wpcf7-form-control-wrap\" data-name=\"urun-adi\"><input size=\"40\" maxlength=\"400\" class=\"wpcf7-form-control wpcf7-text\" aria-invalid=\"false\" placeholder=\"\u00d6rn: Plastik hammadde\" value=\"\" type=\"text\" name=\"urun-adi\" \/><\/span>\n\t<\/p>\n\t<p><label>Ambalaj T\u00fcr\u00fc<\/label><br \/>\n<span class=\"wpcf7-form-control-wrap\" data-name=\"ambalaj\"><select class=\"wpcf7-form-control wpcf7-select\" aria-invalid=\"false\" name=\"ambalaj\"><option value=\"\">&#8212;Please choose an option&#8212;<\/option><option value=\"20DC\">20DC<\/option><option value=\"40DC\">40DC<\/option><option value=\"40HC\">40HC<\/option><option value=\"Palet\">Palet<\/option><option value=\"Koli\">Koli<\/option><option value=\"Big Bag\">Big Bag<\/option><option value=\"D\u00f6kme\">D\u00f6kme<\/option><option value=\"Proje\">Proje<\/option><\/select><\/span>\n\t<\/p>\n\t<p><label>Adet \/ Konteyner<\/label><br \/>\n<span class=\"wpcf7-form-control-wrap\" data-name=\"adet\"><input size=\"40\" maxlength=\"400\" class=\"wpcf7-form-control wpcf7-text\" aria-invalid=\"false\" placeholder=\"\u00d6rn: 1x40HC\" value=\"\" type=\"text\" name=\"adet\" \/><\/span>\n\t<\/p>\n\t<p><label>Toplam A\u011f\u0131rl\u0131k (KG)<\/label><br \/>\n<span class=\"wpcf7-form-control-wrap\" data-name=\"agirlik\"><input class=\"wpcf7-form-control wpcf7-number wpcf7-validates-as-number\" aria-invalid=\"false\" value=\"\" type=\"number\" name=\"agirlik\" \/><\/span>\n\t<\/p>\n\t<p><label>Toplam Hacim (CBM)<\/label><br \/>\n<span class=\"wpcf7-form-control-wrap\" data-name=\"hacim\"><input class=\"wpcf7-form-control wpcf7-number wpcf7-validates-as-number\" step=\"0.01\" aria-invalid=\"false\" value=\"\" type=\"number\" name=\"hacim\" \/><\/span>\n\t<\/p>\n\t<p><label>GTIP \/ HS Kodu<\/label><br \/>\n<span class=\"wpcf7-form-control-wrap\" data-name=\"gtip\"><input size=\"40\" maxlength=\"400\" class=\"wpcf7-form-control wpcf7-text\" aria-invalid=\"false\" placeholder=\"3901.10\" value=\"\" type=\"text\" name=\"gtip\" \/><\/span>\n\t<\/p>\n<\/div>\n<div class=\"grid-2\">\n\t<p><label>Tehlikeli Y\u00fck (DG)?<\/label><br \/>\n<span class=\"wpcf7-form-control-wrap\" data-name=\"dg\"><span class=\"wpcf7-form-control wpcf7-radio\"><span class=\"wpcf7-list-item first\"><input type=\"radio\" name=\"dg\" value=\"Hay\u0131r\" checked=\"checked\" \/><span class=\"wpcf7-list-item-label\">Hay\u0131r<\/span><\/span><span class=\"wpcf7-list-item last\"><input type=\"radio\" name=\"dg\" value=\"Evet\" \/><span class=\"wpcf7-list-item-label\">Evet<\/span><\/span><\/span><\/span>\n\t<\/p>\n\t<p><label>UN No \/ S\u0131n\u0131f<\/label><br \/>\n<span class=\"wpcf7-form-control-wrap\" data-name=\"un-no\"><input size=\"40\" maxlength=\"400\" class=\"wpcf7-form-control wpcf7-text\" aria-invalid=\"false\" placeholder=\"UN 3082\" value=\"\" type=\"text\" name=\"un-no\" \/><\/span>\n\t<\/p>\n\t<p><label>Ek Bilgi<\/label><br \/>\n<span class=\"wpcf7-form-control-wrap\" data-name=\"ek-bilgi\"><input size=\"40\" maxlength=\"400\" class=\"wpcf7-form-control wpcf7-text\" aria-invalid=\"false\" placeholder=\"\u00d6rn: Nem hassas\" value=\"\" type=\"text\" name=\"ek-bilgi\" \/><\/span>\n\t<\/p>\n<\/div>\n<hr \/>\n<div class=\"grid-2\">\n\t<h2>3. M\u00fc\u015fteri \/ \u0130leti\u015fim Bilgileri\n\t<\/h2>\n\t<p><label>Firma Ad\u0131 <span class=\"req\">*<\/span><\/label><br \/>\n<span class=\"wpcf7-form-control-wrap\" data-name=\"firma\"><input size=\"40\" maxlength=\"400\" class=\"wpcf7-form-control wpcf7-text wpcf7-validates-as-required\" aria-required=\"true\" aria-invalid=\"false\" placeholder=\"Firma \u00fcnvan\u0131\" value=\"\" type=\"text\" name=\"firma\" \/><\/span>\n\t<\/p>\n\t<p><label>\u0130lgili Ki\u015fi <span class=\"req\">*<\/span><\/label><br \/>\n<span class=\"wpcf7-form-control-wrap\" data-name=\"ilgili\"><input size=\"40\" maxlength=\"400\" class=\"wpcf7-form-control wpcf7-text wpcf7-validates-as-required\" aria-required=\"true\" aria-invalid=\"false\" placeholder=\"Ad Soyad\" value=\"\" type=\"text\" name=\"ilgili\" \/><\/span>\n\t<\/p>\n\t<p><label>Telefon <span class=\"req\">*<\/span><\/label><br \/>\n<span class=\"wpcf7-form-control-wrap\" data-name=\"telefon\"><input size=\"40\" maxlength=\"400\" class=\"wpcf7-form-control wpcf7-tel wpcf7-validates-as-required wpcf7-text wpcf7-validates-as-tel\" aria-required=\"true\" aria-invalid=\"false\" placeholder=\"+90 ___ ___ __ __\" value=\"\" type=\"tel\" name=\"telefon\" \/><\/span>\n\t<\/p>\n\t<p><label>E-posta <span class=\"req\">*<\/span><\/label><br \/>\n<span class=\"wpcf7-form-control-wrap\" data-name=\"email\"><input size=\"40\" maxlength=\"400\" class=\"wpcf7-form-control wpcf7-email wpcf7-validates-as-required wpcf7-text wpcf7-validates-as-email\" aria-required=\"true\" aria-invalid=\"false\" placeholder=\"ornek@firma.com\" value=\"\" type=\"email\" name=\"email\" \/><\/span>\n\t<\/p>\n\t<p><label>Not<\/label><br \/>\n<span class=\"wpcf7-form-control-wrap\" data-name=\"not\"><textarea cols=\"40\" rows=\"10\" maxlength=\"2000\" class=\"wpcf7-form-control wpcf7-textarea\" aria-invalid=\"false\" name=\"not\"><\/textarea><\/span>\n\t<\/p>\n<\/div>\n<hr \/>\n<p><label>KVKK Onay <span class=\"req\">*<\/span><\/label><br \/>\n[acceptance* kvkk] Ki\u015fisel verilerimin teklif \u00e7al\u0131\u015fmas\u0131 i\u00e7in i\u015flenmesini kabul ediyorum.\n<\/p>\n<hr \/>\n<p><input class=\"wpcf7-form-control wpcf7-submit has-spinner\" type=\"submit\" value=\"Teklif Talebi G\u00f6nder\" \/>\n<\/p><div class=\"wpcf7-response-output\" aria-hidden=\"true\"><\/div>\n<\/form>\n<\/div>\n\n<\/div>\n<\/div>\n","protected":false},"excerpt":{"rendered":"","protected":false},"author":4,"featured_media":0,"parent":0,"menu_order":0,"comment_status":"closed","ping_status":"closed","template":"","meta":{"footnotes":""},"class_list":["post-439","page","type-page","status-publish","hentry"],"_links":{"self":[{"href":"https:\/\/www.dgl-tr.com\/index.php\/wp-json\/wp\/v2\/pages\/439","targetHints":{"allow":["GET"]}}],"collection":[{"href":"https:\/\/www.dgl-tr.com\/index.php\/wp-json\/wp\/v2\/pages"}],"about":[{"href":"https:\/\/www.dgl-tr.com\/index.php\/wp-json\/wp\/v2\/types\/page"}],"author":[{"embeddable":true,"href":"https:\/\/www.dgl-tr.com\/index.php\/wp-json\/wp\/v2\/users\/4"}],"replies":[{"embeddable":true,"href":"https:\/\/www.dgl-tr.com\/index.php\/wp-json\/wp\/v2\/comments?post=439"}],"version-history":[{"count":5,"href":"https:\/\/www.dgl-tr.com\/index.php\/wp-json\/wp\/v2\/pages\/439\/revisions"}],"predecessor-version":[{"id":471,"href":"https:\/\/www.dgl-tr.com\/index.php\/wp-json\/wp\/v2\/pages\/439\/revisions\/471"}],"wp:attachment":[{"href":"https:\/\/www.dgl-tr.com\/index.php\/wp-json\/wp\/v2\/media?parent=439"}],"curies":[{"name":"wp","href":"https:\/\/api.w.org\/{rel}","templated":true}]}}