{"id":8,"date":"2024-10-10T14:30:47","date_gmt":"2024-10-10T11:30:47","guid":{"rendered":"http:\/\/duru.fermat.com.tr\/?page_id=8"},"modified":"2025-09-01T17:02:30","modified_gmt":"2025-09-01T14:02:30","slug":"home","status":"publish","type":"page","link":"https:\/\/www.dgl-tr.com\/","title":{"rendered":"Ana Sayfa"},"content":{"rendered":"\n<div class=\"wp-block-group is-vertical is-layout-flex wp-container-core-group-is-layout-fe9cc265 wp-block-group-is-layout-flex\">\n<figure class=\"wp-block-image size-large\"><img loading=\"lazy\" decoding=\"async\" width=\"1024\" height=\"188\" src=\"https:\/\/www.duruexpress.com.tr\/wp-content\/uploads\/2024\/12\/express-hizmetler-1-1024x188.jpg\" alt=\"\" class=\"wp-image-88\" srcset=\"https:\/\/www.dgl-tr.com\/wp-content\/uploads\/2024\/12\/express-hizmetler-1-1024x188.jpg 1024w, https:\/\/www.dgl-tr.com\/wp-content\/uploads\/2024\/12\/express-hizmetler-1-300x55.jpg 300w, https:\/\/www.dgl-tr.com\/wp-content\/uploads\/2024\/12\/express-hizmetler-1-768x141.jpg 768w, https:\/\/www.dgl-tr.com\/wp-content\/uploads\/2024\/12\/express-hizmetler-1.jpg 1088w\" sizes=\"auto, (max-width: 1024px) 100vw, 1024px\" \/><\/figure>\n\n\n\n<h2 class=\"wp-block-heading\"><a href=\"https:\/\/www.duruexpress.com.tr\/index.php\/express-hizmetler\/\" target=\"_blank\" rel=\"noopener\">Express Hizmetler<\/a><\/h2>\n\n\n\n<p>Yurt d\u0131\u015f\u0131na paket, d\u00f6k\u00fcman, sand\u0131k vs, g\u00f6nderilerinizi adres teslim olarak h\u0131zl\u0131 bir \u015fekilde g\u00f6nderebiliriz.<\/p>\n\n\n\n<p class=\"has-text-align-center\">Ekonomi ve express servis se\u00e7ene\u011fimiz bulunmaktad\u0131r. G\u00f6nderilerinizin teslimat\u0131n\u0131 &#8220;\u00f6ncelikli servis secene\u011fi&#8221; ile daha h\u0131zl\u0131 yapabilirsiniz.<\/p>\n\n\n\n<div class=\"wp-block-columns is-layout-flex wp-container-core-columns-is-layout-28f84493 wp-block-columns-is-layout-flex\">\n<div class=\"wp-block-column is-layout-flow wp-block-column-is-layout-flow\">\n<figure class=\"wp-block-image size-full\"><img loading=\"lazy\" decoding=\"async\" width=\"600\" height=\"351\" src=\"https:\/\/www.duruexpress.com.tr\/wp-content\/uploads\/2024\/12\/havayolu-tasimaciligi-1.jpg\" alt=\"\" class=\"wp-image-89\" srcset=\"https:\/\/www.dgl-tr.com\/wp-content\/uploads\/2024\/12\/havayolu-tasimaciligi-1.jpg 600w, https:\/\/www.dgl-tr.com\/wp-content\/uploads\/2024\/12\/havayolu-tasimaciligi-1-300x176.jpg 300w\" sizes=\"auto, (max-width: 600px) 100vw, 600px\" \/><\/figure>\n\n\n\n<h2 class=\"wp-block-heading has-text-align-center\"><a href=\"https:\/\/www.duruexpress.com.tr\/index.php\/hava-yolu-tasimaciligi\/\" target=\"_blank\" rel=\"noopener\">Havayolu Ta\u015f\u0131mac\u0131l\u0131\u011f\u0131<\/a><\/h2>\n\n\n\n<p class=\"has-text-align-center\">Yurd\u0131\u015f\u0131 g\u00f6nderilerinizi d\u00fcnyan\u0131n her yerine kap\u0131dan kap\u0131ya veya havaliman\u0131 teslim olarak g\u00fcvenli bir \u015fekilde g\u00f6nderebilirsiniz.<\/p>\n<\/div>\n\n\n\n<div class=\"wp-block-column is-layout-flow wp-block-column-is-layout-flow\">\n<figure class=\"wp-block-image size-full\"><img loading=\"lazy\" decoding=\"async\" width=\"600\" height=\"351\" src=\"https:\/\/www.duruexpress.com.tr\/wp-content\/uploads\/2024\/12\/karayolu-tasimaciligi-1.jpg\" alt=\"\" class=\"wp-image-90\" srcset=\"https:\/\/www.dgl-tr.com\/wp-content\/uploads\/2024\/12\/karayolu-tasimaciligi-1.jpg 600w, https:\/\/www.dgl-tr.com\/wp-content\/uploads\/2024\/12\/karayolu-tasimaciligi-1-300x176.jpg 300w\" sizes=\"auto, (max-width: 600px) 100vw, 600px\" \/><\/figure>\n\n\n\n<h2 class=\"wp-block-heading has-text-align-center\"><a href=\"https:\/\/www.duruexpress.com.tr\/index.php\/kara-yolu-tasimaciligi\/\" target=\"_blank\" rel=\"noopener\">Karayolu Ta\u015f\u0131mac\u0131l\u0131\u011f\u0131<\/a><\/h2>\n\n\n\n<p class=\"has-text-align-center\">Avrupan\u0131n her yerine g\u00f6nderilerinizi adres teslim olarak h\u0131zl\u0131 bir \u015fekilde komple veya parsiyel olarak ta\u015f\u0131yabiliriz.<\/p>\n<\/div>\n\n\n\n<div class=\"wp-block-column is-layout-flow wp-block-column-is-layout-flow\">\n<figure class=\"wp-block-image size-full\"><img loading=\"lazy\" decoding=\"async\" width=\"600\" height=\"351\" src=\"https:\/\/www.duruexpress.com.tr\/wp-content\/uploads\/2024\/12\/denizyolu-tasimaciligi-1.jpg\" alt=\"\" class=\"wp-image-91\" srcset=\"https:\/\/www.dgl-tr.com\/wp-content\/uploads\/2024\/12\/denizyolu-tasimaciligi-1.jpg 600w, https:\/\/www.dgl-tr.com\/wp-content\/uploads\/2024\/12\/denizyolu-tasimaciligi-1-300x176.jpg 300w\" sizes=\"auto, (max-width: 600px) 100vw, 600px\" \/><\/figure>\n\n\n\n<h2 class=\"wp-block-heading has-text-align-center\"><a href=\"https:\/\/www.duruexpress.com.tr\/index.php\/denizyolu-tasimaciligi\/\" target=\"_blank\" rel=\"noopener\">Denizyolu Ta\u015f\u0131mac\u0131l\u0131\u011f\u0131<\/a><\/h2>\n\n\n\n<p class=\"has-text-align-center\">Denizyolu olan t\u00fcm \u00fclkelere g\u00fcvenilir armat\u00f6rlerle \u00e7al\u0131\u015f\u0131larak konteyner yada parsiyel olarak y\u00fcklerinizi adres teslim veya liman teslim olarak g\u00f6nderebiliriz.<\/p>\n<\/div>\n<\/div>\n\n\n\n<div class=\"wp-block-columns is-layout-flex wp-container-core-columns-is-layout-28f84493 wp-block-columns-is-layout-flex\">\n<div class=\"wp-block-column is-layout-flow wp-block-column-is-layout-flow\">\n<figure class=\"wp-block-image size-large\"><img loading=\"lazy\" decoding=\"async\" width=\"1024\" height=\"188\" src=\"https:\/\/www.duruexpress.com.tr\/wp-content\/uploads\/2024\/12\/gumrukleme-hizmetleri-1-1024x188.jpg\" alt=\"\" class=\"wp-image-95\" srcset=\"https:\/\/www.dgl-tr.com\/wp-content\/uploads\/2024\/12\/gumrukleme-hizmetleri-1-1024x188.jpg 1024w, https:\/\/www.dgl-tr.com\/wp-content\/uploads\/2024\/12\/gumrukleme-hizmetleri-1-300x55.jpg 300w, https:\/\/www.dgl-tr.com\/wp-content\/uploads\/2024\/12\/gumrukleme-hizmetleri-1-768x141.jpg 768w, https:\/\/www.dgl-tr.com\/wp-content\/uploads\/2024\/12\/gumrukleme-hizmetleri-1.jpg 1088w\" sizes=\"auto, (max-width: 1024px) 100vw, 1024px\" \/><\/figure>\n\n\n\n<h2 class=\"wp-block-heading has-text-align-center\"><a href=\"https:\/\/www.duruexpress.com.tr\/index.php\/gumrukleme-hizmetleri\/\" target=\"_blank\" rel=\"noopener\">G\u00fcmr\u00fckleme Hizmetleri<\/a><\/h2>\n\n\n\n<p class=\"has-text-align-center\">2015 y\u0131l\u0131 itibar\u0131yla m\u00fc\u015fterilerimize g\u00fcmr\u00fckleme konusunda da hizmet vermeye ba\u015flam\u0131\u015f bulunmaktay\u0131z.<\/p>\n<\/div>\n<\/div>\n<\/div>\n","protected":false},"excerpt":{"rendered":"<p>Express Hizmetler Yurt d\u0131\u015f\u0131na paket, d\u00f6k\u00fcman, sand\u0131k vs, g\u00f6nderilerinizi adres teslim olarak h\u0131zl\u0131 bir \u015fekilde g\u00f6nderebiliriz. Ekonomi ve express servis se\u00e7ene\u011fimiz bulunmaktad\u0131r. G\u00f6nderilerinizin teslimat\u0131n\u0131 &#8220;\u00f6ncelikli servis secene\u011fi&#8221; ile daha h\u0131zl\u0131 yapabilirsiniz. Havayolu Ta\u015f\u0131mac\u0131l\u0131\u011f\u0131 Yurd\u0131\u015f\u0131 g\u00f6nderilerinizi d\u00fcnyan\u0131n her yerine kap\u0131dan kap\u0131ya veya havaliman\u0131 teslim olarak g\u00fcvenli bir \u015fekilde g\u00f6nderebilirsiniz. Karayolu Ta\u015f\u0131mac\u0131l\u0131\u011f\u0131 Avrupan\u0131n her yerine g\u00f6nderilerinizi adres [&hellip;]<\/p>\n","protected":false},"author":1,"featured_media":0,"parent":0,"menu_order":0,"comment_status":"closed","ping_status":"closed","template":"","meta":{"footnotes":""},"class_list":["post-8","page","type-page","status-publish","hentry"],"_links":{"self":[{"href":"https:\/\/www.dgl-tr.com\/index.php\/wp-json\/wp\/v2\/pages\/8","targetHints":{"allow":["GET"]}}],"collection":[{"href":"https:\/\/www.dgl-tr.com\/index.php\/wp-json\/wp\/v2\/pages"}],"about":[{"href":"https:\/\/www.dgl-tr.com\/index.php\/wp-json\/wp\/v2\/types\/page"}],"author":[{"embeddable":true,"href":"https:\/\/www.dgl-tr.com\/index.php\/wp-json\/wp\/v2\/users\/1"}],"replies":[{"embeddable":true,"href":"https:\/\/www.dgl-tr.com\/index.php\/wp-json\/wp\/v2\/comments?post=8"}],"version-history":[{"count":10,"href":"https:\/\/www.dgl-tr.com\/index.php\/wp-json\/wp\/v2\/pages\/8\/revisions"}],"predecessor-version":[{"id":168,"href":"https:\/\/www.dgl-tr.com\/index.php\/wp-json\/wp\/v2\/pages\/8\/revisions\/168"}],"wp:attachment":[{"href":"https:\/\/www.dgl-tr.com\/index.php\/wp-json\/wp\/v2\/media?parent=8"}],"curies":[{"name":"wp","href":"https:\/\/api.w.org\/{rel}","templated":true}]}}